{"id":416,"date":"2023-10-17T14:47:50","date_gmt":"2023-10-17T12:47:50","guid":{"rendered":"https:\/\/freetheqi.de\/?page_id=416"},"modified":"2024-01-12T17:41:48","modified_gmt":"2024-01-12T16:41:48","slug":"site-notice","status":"publish","type":"page","link":"https:\/\/freetheqi.de\/en\/site-notice\/","title":{"rendered":"Site Notice"},"content":{"rendered":"\n<h2 class=\"wp-block-heading\">Information pursuant to Sect. 5 German Telemedia Act (TMG)<\/h2>\n\n\n\n<p>Free The Qi! &#8211; Baksa-So\u00f3s\/Braun GbR<br>Saarbr\u00fccker Stra\u00dfe 29<br>10405 Berlin<\/p>\n\n\n\n<p><strong>Represented by:<\/strong><br>Cinderella Baksa-So\u00f3s<br>Johannes Braun<\/p>\n\n\n\n<h2 class=\"wp-block-heading\">Contact<\/h2>\n\n\n\n<p>E-mail: info@freetheqi.de<\/p>\n\n\n\n<h2 class=\"wp-block-heading\">VAT ID<\/h2>\n\n\n\n<p>Sales tax identification number according to Sect. 27 a of the Sales Tax Law:<br>DE352684625<\/p>\n\n\n\n<h2 class=\"wp-block-heading\">Supervisory authority<\/h2>\n\n\n\n<p>Bezirksamt Lichtenberg von Berlin<br>Heilpraktikerbereich<br>10360 Berlin<br>Deutschland<\/p>\n\n\n\n<p><a href=\"https:\/\/www.berlin.de\/ba-lichtenberg\/politik-und-verwaltung\/behoerdenwegweiser\/artikel.321026.php\" target=\"_blank\" rel=\"noopener\">https:\/\/www.berlin.de\/ba-lichtenberg\/politik-und-verwaltung\/behoerdenwegweiser\/artikel.321026.php<\/a><\/p>\n\n\n\n<h2 class=\"wp-block-heading\">Job title and professional regulations<\/h2>\n\n\n\n<p>Job title:<br>Heilpraktiker\/in<\/p>\n\n\n\n<p>Authorisation granted in:<br>Deutschland<\/p>\n\n\n\n<p>Es gelten folgende berufsrechtliche Regelungen:<\/p>\n\n\n\n<p>Es gilt die Berufsordnung f\u00fcr Heilpraktiker (BOH)<br>available at: <a href=\"https:\/\/www.heilpraktiker.org\/die-berufsordnung-fuer-heilpraktiker\" target=\"_blank\" rel=\"noreferrer noopener\">https:\/\/www.heilpraktiker.org\/die-berufsordnung-fuer-heilpraktiker<\/a><\/p>\n\n\n\n<h2 class=\"wp-block-heading\">Person responsible for editorial<\/h2>\n\n\n\n<p>Cinderella Baksa-So\u00f3s &amp; Johannes Braun<\/p>\n\n\n\n<h2 class=\"wp-block-heading\">EU dispute resolution<\/h2>\n\n\n\n<p>The European Commission provides a platform for online dispute resolution (ODR): <a href=\"https:\/\/ec.europa.eu\/consumers\/odr\/\" target=\"_blank\" rel=\"noreferrer noopener\">https:\/\/ec.europa.eu\/consumers\/odr\/<\/a>.<br>Our e-mail address can be found above in the site notice.<\/p>\n\n\n\n<h2 class=\"wp-block-heading\">Dispute resolution proceedings in front of a consumer arbitration board<\/h2>\n\n\n\n<p>We are not willing or obliged to participate in dispute resolution proceedings in front of a consumer arbitration board.<\/p>\n\n\n\n<h2 class=\"wp-block-heading\">Image credits<\/h2>\n\n\n\n<p>Image sources and copyright notices: Andr\u00e9 Wusthof, Malte J\u00e4ger<\/p>\n","protected":false},"excerpt":{"rendered":"<p>Information pursuant to Sect. 5 German Telemedia Act (TMG) Free The Qi! &#8211; Baksa-So\u00f3s\/Braun GbRSaarbr\u00fccker Stra\u00dfe 2910405 Berlin Represented by:Cinderella Baksa-So\u00f3sJohannes Braun Contact E-mail: info@freetheqi.de VAT ID Sales tax identification number according to Sect. 27 a of the Sales Tax Law:DE352684625 Supervisory authority Bezirksamt Lichtenberg von BerlinHeilpraktikerbereich10360 BerlinDeutschland https:\/\/www.berlin.de\/ba-lichtenberg\/politik-und-verwaltung\/behoerdenwegweiser\/artikel.321026.php Job title and professional regulations Job&hellip;<\/p>\n","protected":false},"author":1,"featured_media":0,"parent":0,"menu_order":7,"comment_status":"closed","ping_status":"closed","template":"","meta":{"_acf_changed":false,"footnotes":""},"class_list":["post-416","page","type-page","status-publish","hentry"],"acf":[],"yoast_head":"<!-- This site is optimized with the Yoast SEO plugin v26.3 - https:\/\/yoast.com\/wordpress\/plugins\/seo\/ -->\n<title>Site Notice - Free The Qi<\/title>\n<meta name=\"robots\" content=\"index, follow, max-snippet:-1, max-image-preview:large, max-video-preview:-1\" \/>\n<link rel=\"canonical\" href=\"https:\/\/freetheqi.de\/en\/site-notice\/\" \/>\n<meta property=\"og:locale\" content=\"en_US\" \/>\n<meta property=\"og:type\" content=\"article\" \/>\n<meta property=\"og:title\" content=\"Site Notice - Free The Qi\" \/>\n<meta property=\"og:description\" content=\"Information pursuant to Sect. 5 German Telemedia Act (TMG) Free The Qi! &#8211; Baksa-So\u00f3s\/Braun GbRSaarbr\u00fccker Stra\u00dfe 2910405 Berlin Represented by:Cinderella Baksa-So\u00f3sJohannes Braun Contact E-mail: info@freetheqi.de VAT ID Sales tax identification number according to Sect. 27 a of the Sales Tax Law:DE352684625 Supervisory authority Bezirksamt Lichtenberg von BerlinHeilpraktikerbereich10360 BerlinDeutschland https:\/\/www.berlin.de\/ba-lichtenberg\/politik-und-verwaltung\/behoerdenwegweiser\/artikel.321026.php Job title and professional regulations Job&hellip;\" \/>\n<meta property=\"og:url\" content=\"https:\/\/freetheqi.de\/en\/site-notice\/\" \/>\n<meta property=\"og:site_name\" content=\"Free The Qi\" \/>\n<meta property=\"article:modified_time\" content=\"2024-01-12T16:41:48+00:00\" \/>\n<meta name=\"twitter:card\" content=\"summary_large_image\" \/>\n<meta name=\"twitter:label1\" content=\"Est. reading time\" \/>\n\t<meta name=\"twitter:data1\" content=\"1 minute\" \/>\n<script type=\"application\/ld+json\" class=\"yoast-schema-graph\">{\"@context\":\"https:\/\/schema.org\",\"@graph\":[{\"@type\":\"WebPage\",\"@id\":\"https:\/\/freetheqi.de\/en\/site-notice\/\",\"url\":\"https:\/\/freetheqi.de\/en\/site-notice\/\",\"name\":\"Site Notice - Free The Qi\",\"isPartOf\":{\"@id\":\"https:\/\/freetheqi.de\/en\/#website\"},\"datePublished\":\"2023-10-17T12:47:50+00:00\",\"dateModified\":\"2024-01-12T16:41:48+00:00\",\"breadcrumb\":{\"@id\":\"https:\/\/freetheqi.de\/en\/site-notice\/#breadcrumb\"},\"inLanguage\":\"en-US\",\"potentialAction\":[{\"@type\":\"ReadAction\",\"target\":[\"https:\/\/freetheqi.de\/en\/site-notice\/\"]}]},{\"@type\":\"BreadcrumbList\",\"@id\":\"https:\/\/freetheqi.de\/en\/site-notice\/#breadcrumb\",\"itemListElement\":[{\"@type\":\"ListItem\",\"position\":1,\"name\":\"Startseite\",\"item\":\"https:\/\/freetheqi.de\/en\/\"},{\"@type\":\"ListItem\",\"position\":2,\"name\":\"Site Notice\"}]},{\"@type\":\"WebSite\",\"@id\":\"https:\/\/freetheqi.de\/en\/#website\",\"url\":\"https:\/\/freetheqi.de\/en\/\",\"name\":\"Free The Qi\",\"description\":\"\",\"publisher\":{\"@id\":\"https:\/\/freetheqi.de\/en\/#\/schema\/person\/c55667d751eae92fe07fd9d537d1fb7f\"},\"potentialAction\":[{\"@type\":\"SearchAction\",\"target\":{\"@type\":\"EntryPoint\",\"urlTemplate\":\"https:\/\/freetheqi.de\/en\/?s={search_term_string}\"},\"query-input\":{\"@type\":\"PropertyValueSpecification\",\"valueRequired\":true,\"valueName\":\"search_term_string\"}}],\"inLanguage\":\"en-US\"},{\"@type\":[\"Person\",\"Organization\"],\"@id\":\"https:\/\/freetheqi.de\/en\/#\/schema\/person\/c55667d751eae92fe07fd9d537d1fb7f\",\"name\":\"Cini\",\"image\":{\"@type\":\"ImageObject\",\"inLanguage\":\"en-US\",\"@id\":\"https:\/\/freetheqi.de\/en\/#\/schema\/person\/image\/\",\"url\":\"https:\/\/freetheqi.de\/wp-content\/uploads\/2025\/05\/Logo_quadrat.png\",\"contentUrl\":\"https:\/\/freetheqi.de\/wp-content\/uploads\/2025\/05\/Logo_quadrat.png\",\"width\":2000,\"height\":2000,\"caption\":\"Cini\"},\"logo\":{\"@id\":\"https:\/\/freetheqi.de\/en\/#\/schema\/person\/image\/\"},\"sameAs\":[\"https:\/\/www.linkedin.com\/company\/free-the-qi\/?viewAsMember=true\"]}]}<\/script>\n<!-- \/ Yoast SEO plugin. -->","yoast_head_json":{"title":"Site Notice - Free The Qi","robots":{"index":"index","follow":"follow","max-snippet":"max-snippet:-1","max-image-preview":"max-image-preview:large","max-video-preview":"max-video-preview:-1"},"canonical":"https:\/\/freetheqi.de\/en\/site-notice\/","og_locale":"en_US","og_type":"article","og_title":"Site Notice - Free The Qi","og_description":"Information pursuant to Sect. 5 German Telemedia Act (TMG) Free The Qi! &#8211; Baksa-So\u00f3s\/Braun GbRSaarbr\u00fccker Stra\u00dfe 2910405 Berlin Represented by:Cinderella Baksa-So\u00f3sJohannes Braun Contact E-mail: info@freetheqi.de VAT ID Sales tax identification number according to Sect. 27 a of the Sales Tax Law:DE352684625 Supervisory authority Bezirksamt Lichtenberg von BerlinHeilpraktikerbereich10360 BerlinDeutschland https:\/\/www.berlin.de\/ba-lichtenberg\/politik-und-verwaltung\/behoerdenwegweiser\/artikel.321026.php Job title and professional regulations Job&hellip;","og_url":"https:\/\/freetheqi.de\/en\/site-notice\/","og_site_name":"Free The Qi","article_modified_time":"2024-01-12T16:41:48+00:00","twitter_card":"summary_large_image","twitter_misc":{"Est. reading time":"1 minute"},"schema":{"@context":"https:\/\/schema.org","@graph":[{"@type":"WebPage","@id":"https:\/\/freetheqi.de\/en\/site-notice\/","url":"https:\/\/freetheqi.de\/en\/site-notice\/","name":"Site Notice - Free The Qi","isPartOf":{"@id":"https:\/\/freetheqi.de\/en\/#website"},"datePublished":"2023-10-17T12:47:50+00:00","dateModified":"2024-01-12T16:41:48+00:00","breadcrumb":{"@id":"https:\/\/freetheqi.de\/en\/site-notice\/#breadcrumb"},"inLanguage":"en-US","potentialAction":[{"@type":"ReadAction","target":["https:\/\/freetheqi.de\/en\/site-notice\/"]}]},{"@type":"BreadcrumbList","@id":"https:\/\/freetheqi.de\/en\/site-notice\/#breadcrumb","itemListElement":[{"@type":"ListItem","position":1,"name":"Startseite","item":"https:\/\/freetheqi.de\/en\/"},{"@type":"ListItem","position":2,"name":"Site Notice"}]},{"@type":"WebSite","@id":"https:\/\/freetheqi.de\/en\/#website","url":"https:\/\/freetheqi.de\/en\/","name":"Free The Qi","description":"","publisher":{"@id":"https:\/\/freetheqi.de\/en\/#\/schema\/person\/c55667d751eae92fe07fd9d537d1fb7f"},"potentialAction":[{"@type":"SearchAction","target":{"@type":"EntryPoint","urlTemplate":"https:\/\/freetheqi.de\/en\/?s={search_term_string}"},"query-input":{"@type":"PropertyValueSpecification","valueRequired":true,"valueName":"search_term_string"}}],"inLanguage":"en-US"},{"@type":["Person","Organization"],"@id":"https:\/\/freetheqi.de\/en\/#\/schema\/person\/c55667d751eae92fe07fd9d537d1fb7f","name":"Cini","image":{"@type":"ImageObject","inLanguage":"en-US","@id":"https:\/\/freetheqi.de\/en\/#\/schema\/person\/image\/","url":"https:\/\/freetheqi.de\/wp-content\/uploads\/2025\/05\/Logo_quadrat.png","contentUrl":"https:\/\/freetheqi.de\/wp-content\/uploads\/2025\/05\/Logo_quadrat.png","width":2000,"height":2000,"caption":"Cini"},"logo":{"@id":"https:\/\/freetheqi.de\/en\/#\/schema\/person\/image\/"},"sameAs":["https:\/\/www.linkedin.com\/company\/free-the-qi\/?viewAsMember=true"]}]}},"_links":{"self":[{"href":"https:\/\/freetheqi.de\/en\/wp-json\/wp\/v2\/pages\/416","targetHints":{"allow":["GET"]}}],"collection":[{"href":"https:\/\/freetheqi.de\/en\/wp-json\/wp\/v2\/pages"}],"about":[{"href":"https:\/\/freetheqi.de\/en\/wp-json\/wp\/v2\/types\/page"}],"author":[{"embeddable":true,"href":"https:\/\/freetheqi.de\/en\/wp-json\/wp\/v2\/users\/1"}],"replies":[{"embeddable":true,"href":"https:\/\/freetheqi.de\/en\/wp-json\/wp\/v2\/comments?post=416"}],"version-history":[{"count":1,"href":"https:\/\/freetheqi.de\/en\/wp-json\/wp\/v2\/pages\/416\/revisions"}],"predecessor-version":[{"id":418,"href":"https:\/\/freetheqi.de\/en\/wp-json\/wp\/v2\/pages\/416\/revisions\/418"}],"wp:attachment":[{"href":"https:\/\/freetheqi.de\/en\/wp-json\/wp\/v2\/media?parent=416"}],"curies":[{"name":"wp","href":"https:\/\/api.w.org\/{rel}","templated":true}]}}